{"id":2665,"date":"2025-08-28T09:25:18","date_gmt":"2025-08-28T09:25:18","guid":{"rendered":"https:\/\/jmbipvtech.com\/?post_type=product&#038;p=2665"},"modified":"2025-08-31T11:18:58","modified_gmt":"2025-08-31T11:18:58","slug":"inversor-hibrido-trifasico-de-alta-tension","status":"publish","type":"product","link":"https:\/\/jmbipvtech.com\/es\/product\/three-phase-high-voltage-hybrid-inverter\/","title":{"rendered":"Inversor h\u00edbrido trif\u00e1sico de alta tensi\u00f3n"},"content":{"rendered":"<div data-elementor-type=\"product-post\" data-elementor-id=\"2665\" class=\"elementor elementor-2665\" data-elementor-post-type=\"product\">\n\t\t\t\t\t\t<section class=\"elementor-section elementor-top-section elementor-element elementor-element-7e922fc4 elementor-section-content-middle elementor-reverse-mobile elementor-section-full_width elementor-section-height-default elementor-section-height-default\" data-id=\"7e922fc4\" data-element_type=\"section\" data-e-type=\"section\" data-settings=\"{&quot;background_background&quot;:&quot;classic&quot;}\">\n\t\t\t\t\t\t\t<div class=\"elementor-background-overlay\"><\/div>\n\t\t\t\t\t\t\t<div class=\"elementor-container elementor-column-gap-default\">\n\t\t\t\t\t<div class=\"elementor-column elementor-col-100 elementor-top-column elementor-element elementor-element-3cc6e015\" data-id=\"3cc6e015\" data-element_type=\"column\" data-e-type=\"column\">\n\t\t\t<div class=\"elementor-widget-wrap elementor-element-populated\">\n\t\t\t\t\t\t<div class=\"elementor-element elementor-element-6ace0e08 elementor-widget elementor-widget-text-editor\" data-id=\"6ace0e08\" data-element_type=\"widget\" data-e-type=\"widget\" data-widget_type=\"text-editor.default\">\n\t\t\t\t\t\t\t\t\t<p>El inversor h\u00edbrido trif\u00e1sico de alto voltaje POWER STORAGE DC 4.0|6.0 presenta m\u00faltiples modos de aplicaci\u00f3n, como la autogeneraci\u00f3n, el recorte de picos y la energ\u00eda de reserva. Admite el funcionamiento en paralelo de varias unidades y es adecuado para una gran variedad de aplicaciones de almacenamiento de energ\u00eda en el hogar. Compatible con un rango de tensi\u00f3n de bater\u00eda ultraamplio de 120-600 V, admite bater\u00edas de mayor capacidad, lo que mejora significativamente la eficiencia del sistema y reduce los costes. Un dise\u00f1o MPPT de doble canal se adapta a diversos entornos de instalaci\u00f3n. Las m\u00faltiples funciones de protecci\u00f3n inteligente garantizan un suministro el\u00e9ctrico dom\u00e9stico seguro y fiable. La gesti\u00f3n inteligente de la energ\u00eda maximiza el autoconsumo y logra la independencia energ\u00e9tica.<\/p><h2>Rendimiento excepcional, marcando pautas en el sector<\/h2><h3>\ud83d\udd0b Tecnolog\u00eda de eficiencia de conversi\u00f3n ultra alta<\/h3><p>Con un avanzado\u00a0<strong>topolog\u00eda sin transformador<\/strong>\u00a0con tres controladores MPPT independientes, que ofrecen tasas de conversi\u00f3n de energ\u00eda l\u00edderes en el sector. Compatible con\u00a0<strong>conexiones dobles de bater\u00eda de alto voltaje<\/strong>\u00a0con ajuste din\u00e1mico de potencia (0-100%), maximizando el potencial de cada kilovatio-hora.<\/p><p>Nuestra\u00a0<strong>sistema inteligente de gesti\u00f3n de bater\u00edas<\/strong>\u00a0aprovecha la previsi\u00f3n de la generaci\u00f3n fotovoltaica y el an\u00e1lisis de la carga para optimizar autom\u00e1ticamente la distribuci\u00f3n de energ\u00eda, maximizando\u00a0<strong>\u00edndices de autoconsumo<\/strong>\u00a0y reducir dr\u00e1sticamente las facturas de electricidad.<\/p><h3>\u26a1 Instalaci\u00f3n sin esfuerzo, listo para Plug-and-Play.<\/h3><p>Diga adi\u00f3s a los complejos procesos de instalaci\u00f3n El sitio\u00a0<strong>aplicaci\u00f3n RCTPowerRESS sin Internet<\/strong>\u00a0viene preconfigurado con par\u00e1metros para diferentes pa\u00edses y regiones.\u00a0<strong>Conexiones CA\/CC Plug and Play<\/strong>\u00a0hacen que la instalaci\u00f3n profesional sea sencilla y directa.<\/p><h3>\ud83d\udcf1 Supervisi\u00f3n inteligente, control total<\/h3><p><strong>Supervisi\u00f3n de doble plataforma<\/strong>\u00a0a trav\u00e9s del smartphone y el ordenador le permite realizar un seguimiento del rendimiento del sistema en cualquier momento y lugar. Nuestra aplicaci\u00f3n profesional ofrece\u00a0<strong>control de datos en tiempo real<\/strong>\u00a0y sistemas de alerta inteligentes, mientras que la placa de comunicaci\u00f3n multifunci\u00f3n garantiza la compatibilidad con varios dispositivos conectados para un ecosistema dom\u00e9stico inteligente completo.<\/p><h3>\ud83c\udf24\ufe0f Adaptaci\u00f3n flexible, rendimiento excepcional<\/h3><p><strong>Tecnolog\u00eda global de seguimiento del punto de m\u00e1xima potencia<\/strong>\u00a0mantiene una generaci\u00f3n de energ\u00eda \u00f3ptima incluso en condiciones de sombreado parcial. Rango de tensi\u00f3n MPPT de\u00a0<strong>80-520V<\/strong>\u00a0ofrece configuraciones de cadenas flexibles, con una corriente de entrada m\u00e1xima de\u00a0<strong>14A<\/strong>\u00a0para satisfacer las demandas de alta potencia.<\/p><p><strong>Dise\u00f1o en cascada y ampliable<\/strong>\u00a0se integra a la perfecci\u00f3n con los sistemas fotovoltaicos existentes, lo que permite actualizar el sistema y ampliar la capacidad sin esfuerzo.<\/p><h3>\ud83d\udee1\ufe0f Construcci\u00f3n robusta, calidad garantizada<\/h3><p><strong>Funcionamiento silencioso sin ventilador<\/strong>\u00a0con un dise\u00f1o sin mantenimiento que elimina las preocupaciones por el ruido. Hardware compacto y ligero\u00a0<strong>carcasa de aluminio resistente<\/strong>\u00a0con\u00a0<strong>Grado de protecci\u00f3n IP65<\/strong>dise\u00f1ado para resistir las duras condiciones exteriores y garantizar 25 a\u00f1os de funcionamiento fiable.<\/p><hr \/><h2>\u00bfPor qu\u00e9 elegir nuestra soluci\u00f3n de inversores de conexi\u00f3n a red?<\/h2><p>\u2705\u00a0<strong>Ahorre hasta 90% en la factura de la luz<\/strong>\u00a0- Optimizaci\u00f3n inteligente del autoconsumo \u2705.\u00a0<strong>Instalaci\u00f3n r\u00e1pida<\/strong>\u00a0- Un equipo profesional completa la instalaci\u00f3n en 2 horas \u2705\u00a0<strong>25 a\u00f1os de garant\u00eda<\/strong>\u00a0- Cobertura de garant\u00eda l\u00edder en el sector \u2705\u00a0<strong>Gesti\u00f3n inteligente<\/strong>\u00a0- Supervisi\u00f3n y mantenimiento a distancia 24\/7 \u2705\u00a0<strong>Ecol\u00f3gico<\/strong>\u00a0- Reducir la huella de carbono, apoyar la vida sostenible<\/p><p><strong>P\u00f3ngase en contacto con nosotros hoy mismo para obtener su soluci\u00f3n solar personalizada.<\/strong><\/p><h2>Especificaciones del inversor h\u00edbrido trif\u00e1sico de alto voltaje<\/h2><table><thead><tr><td><p>POTENCIA\u00a0<\/p><p>ALMACENAMIENTO DC<\/p><\/td><td>4.0<\/td><td>6.0<\/td><\/tr><\/thead><tbody><tr><td><b>M\u00e1x. Tensi\u00f3n de entrada CC<\/b><\/td><td>1000 V<\/td><td>\u00a0<\/td><\/tr><tr><td><b>M\u00e1x. Corriente de entrada por MPPT<\/b><\/td><td>12 A (modo paralelo 24 A)<\/td><td>\u00a0<\/td><\/tr><tr><td><b>Max. Potencia de salida<\/b><\/td><td>4000 W<\/td><td>6000 W<\/td><\/tr><tr><td><b>Tensi\u00f3n nominal de CA<\/b><\/td><td>400 V (3\/N\/PE)<\/td><td>\u00a0<\/td><\/tr><tr><td><b>Corriente nominal de salida por fase<\/b><\/td><td>5.8 A<\/td><td>8.7 A<\/td><\/tr><tr><td><b>M\u00e1x. Corriente de salida por fase (lado CA)<\/b><\/td><td>9.1 A<\/td><td>9.1 A<\/td><\/tr><tr><td><b>Rango de tensi\u00f3n de la bater\u00eda<\/b><\/td><td>120-600 V<\/td><td>\u00a0<\/td><\/tr><tr><td><b>M\u00e1x. Corriente de carga \/ descarga<\/b><\/td><td>20 A \/ 20 A<\/td><td>\u00a0<\/td><\/tr><tr><td><b>M\u00e1x. Potencia de carga \/ descarga<\/b><\/td><td>9220 W \/ 4000 W<\/td><td>9220 W \/ 6000 W<\/td><\/tr><tr><td><b>Grado de protecci\u00f3n<\/b><\/td><td>IP42<\/td><td>\u00a0<\/td><\/tr><\/tbody><\/table>\t\t\t\t\t\t\t\t<\/div>\n\t\t\t\t\t<\/div>\n\t\t<\/div>\n\t\t\t\t\t<\/div>\n\t\t<\/section>\n\t\t<div class=\"elementor-element elementor-element-dd68a2e e-flex e-con-boxed e-con e-parent\" data-id=\"dd68a2e\" data-element_type=\"container\" data-e-type=\"container\" data-settings=\"{&quot;background_background&quot;:&quot;classic&quot;}\">\n\t\t\t\t\t<div class=\"e-con-inner\">\n\t\t<div class=\"elementor-element elementor-element-6e724d89 e-con-full e-flex e-con e-child\" data-id=\"6e724d89\" data-element_type=\"container\" data-e-type=\"container\">\n\t\t\t\t<div class=\"elementor-element elementor-element-2688449b animated-slow elementor-invisible elementor-widget elementor-widget-heading\" data-id=\"2688449b\" data-element_type=\"widget\" data-e-type=\"widget\" data-settings=\"{&quot;_animation&quot;:&quot;slideInUp&quot;}\" data-widget_type=\"heading.default\">\n\t\t\t\t\t<h2 class=\"elementor-heading-title elementor-size-default\">PREGUNTAS FRECUENTES<\/h2>\t\t\t\t<\/div>\n\t\t\t\t<div class=\"elementor-element elementor-element-46d52768 animated-slow elementor-invisible elementor-widget elementor-widget-heading\" data-id=\"46d52768\" data-element_type=\"widget\" data-e-type=\"widget\" data-settings=\"{&quot;_animation&quot;:&quot;slideInUp&quot;}\" data-widget_type=\"heading.default\">\n\t\t\t\t\t<h2 class=\"elementor-heading-title elementor-size-default\">preg\u00fantanos <br>\ncualquier cosa<\/h2>\t\t\t\t<\/div>\n\t\t\t\t<\/div>\n\t\t<div class=\"elementor-element elementor-element-7d78f962 e-con-full e-flex e-con e-child\" data-id=\"7d78f962\" data-element_type=\"container\" data-e-type=\"container\">\n\t\t\t\t<div class=\"elementor-element elementor-element-294e7c3e elementor-widget__width-inherit elementor-widget elementor-widget-toggle\" data-id=\"294e7c3e\" data-element_type=\"widget\" data-e-type=\"widget\" data-widget_type=\"toggle.default\">\n\t\t\t\t\t\t\t<div class=\"elementor-toggle\">\n\t\t\t\t\t\t\t<div class=\"elementor-toggle-item\">\n\t\t\t\t\t<h3 id=\"elementor-tab-title-6931\" class=\"elementor-tab-title\" data-tab=\"1\" role=\"button\" aria-controls=\"elementor-tab-content-6931\" aria-expanded=\"false\">\n\t\t\t\t\t\t\t\t\t\t\t\t<span class=\"elementor-toggle-icon elementor-toggle-icon-right\" aria-hidden=\"true\">\n\t\t\t\t\t\t\t\t\t\t\t\t\t\t\t<span class=\"elementor-toggle-icon-closed\"><svg class=\"e-font-icon-svg e-fas-plus\" viewbox=\"0 0 448 512\" xmlns=\"http:\/\/www.w3.org\/2000\/svg\"><path d=\"M416 208H272V64c0-17.67-14.33-32-32-32h-32c-17.67 0-32 14.33-32 32v144H32c-17.67 0-32 14.33-32 32v32c0 17.67 14.33 32 32 32h144v144c0 17.67 14.33 32 32 32h32c17.67 0 32-14.33 32-32V304h144c17.67 0 32-14.33 32-32v-32c0-17.67-14.33-32-32-32z\"><\/path><\/svg><\/span>\n\t\t\t\t\t\t\t\t<span class=\"elementor-toggle-icon-opened\"><svg class=\"elementor-toggle-icon-opened e-font-icon-svg e-fas-minus\" viewbox=\"0 0 448 512\" xmlns=\"http:\/\/www.w3.org\/2000\/svg\"><path d=\"M416 208H32c-17.67 0-32 14.33-32 32v32c0 17.67 14.33 32 32 32h384c17.67 0 32-14.33 32-32v-32c0-17.67-14.33-32-32-32z\"><\/path><\/svg><\/span>\n\t\t\t\t\t\t\t\t\t\t\t\t\t<\/span>\n\t\t\t\t\t\t\t\t\t\t\t\t<a class=\"elementor-toggle-title\" tabindex=\"0\">\u00bfQu\u00e9 ventajas ofrece el silicio monocristalino de tipo N frente a las alternativas de tipo P?<\/a>\n\t\t\t\t\t<\/h3>\n\n\t\t\t\t\t<div id=\"elementor-tab-content-6931\" class=\"elementor-tab-content elementor-clearfix\" data-tab=\"1\" role=\"region\" aria-labelledby=\"elementor-tab-title-6931\"><p>El silicio de tipo N ofrece caracter\u00edsticas de rendimiento superiores, como un mayor potencial de eficiencia, una menor degradaci\u00f3n inducida por la luz (LID) y mejores coeficientes de temperatura. Nuestras c\u00e9lulas de tipo N eliminan los defectos de boro-ox\u00edgeno que provocan la p\u00e9rdida de potencia en las c\u00e9lulas de tipo P, lo que se traduce en una degradaci\u00f3n en el primer a\u00f1o \u22641,0% frente a los 2-3% t\u00edpicos de los m\u00f3dulos de tipo P. La mayor vida \u00fatil de los portadores minoritarios en el silicio tipo N tambi\u00e9n permite una mayor eficiencia de conversi\u00f3n, con nuestros m\u00f3dulos alcanzando 23,2% en comparaci\u00f3n con los 20-21% t\u00edpicos de las alternativas tipo P. Adem\u00e1s, la tecnolog\u00eda de tipo N mantiene un mejor rendimiento en condiciones de sombreado parcial debido a la menor sensibilidad al desajuste de corriente.<\/p><\/div>\n\t\t\t\t<\/div>\n\t\t\t\t\t\t\t\t<\/div>\n\t\t\t\t\t\t<\/div>\n\t\t\t\t<div class=\"elementor-element elementor-element-ec01908 elementor-widget__width-inherit elementor-widget elementor-widget-toggle\" data-id=\"ec01908\" data-element_type=\"widget\" data-e-type=\"widget\" data-widget_type=\"toggle.default\">\n\t\t\t\t\t\t\t<div class=\"elementor-toggle\">\n\t\t\t\t\t\t\t<div class=\"elementor-toggle-item\">\n\t\t\t\t\t<h3 id=\"elementor-tab-title-2471\" class=\"elementor-tab-title\" data-tab=\"1\" role=\"button\" aria-controls=\"elementor-tab-content-2471\" aria-expanded=\"false\">\n\t\t\t\t\t\t\t\t\t\t\t\t<span class=\"elementor-toggle-icon elementor-toggle-icon-right\" aria-hidden=\"true\">\n\t\t\t\t\t\t\t\t\t\t\t\t\t\t\t<span class=\"elementor-toggle-icon-closed\"><svg class=\"e-font-icon-svg e-fas-plus\" viewbox=\"0 0 448 512\" xmlns=\"http:\/\/www.w3.org\/2000\/svg\"><path d=\"M416 208H272V64c0-17.67-14.33-32-32-32h-32c-17.67 0-32 14.33-32 32v144H32c-17.67 0-32 14.33-32 32v32c0 17.67 14.33 32 32 32h144v144c0 17.67 14.33 32 32 32h32c17.67 0 32-14.33 32-32V304h144c17.67 0 32-14.33 32-32v-32c0-17.67-14.33-32-32-32z\"><\/path><\/svg><\/span>\n\t\t\t\t\t\t\t\t<span class=\"elementor-toggle-icon-opened\"><svg class=\"elementor-toggle-icon-opened e-font-icon-svg e-fas-minus\" viewbox=\"0 0 448 512\" xmlns=\"http:\/\/www.w3.org\/2000\/svg\"><path d=\"M416 208H32c-17.67 0-32 14.33-32 32v32c0 17.67 14.33 32 32 32h384c17.67 0 32-14.33 32-32v-32c0-17.67-14.33-32-32-32z\"><\/path><\/svg><\/span>\n\t\t\t\t\t\t\t\t\t\t\t\t\t<\/span>\n\t\t\t\t\t\t\t\t\t\t\t\t<a class=\"elementor-toggle-title\" tabindex=\"0\">\u00bfQu\u00e9 diferencia hay entre la potencia nominal de 695-720 W y la de los m\u00f3dulos residenciales est\u00e1ndar? <\/a>\n\t\t\t\t\t<\/h3>\n\n\t\t\t\t\t<div id=\"elementor-tab-content-2471\" class=\"elementor-tab-content elementor-clearfix\" data-tab=\"1\" role=\"region\" aria-labelledby=\"elementor-tab-title-2471\"><p>Los m\u00f3dulos de utilidad de alto vataje ofrecen ventajas significativas sobre los paneles de tama\u00f1o residencial para instalaciones a gran escala. La potencia m\u00e1xima de 720 W reduce el n\u00famero de m\u00f3dulos en 40-50% en comparaci\u00f3n con los m\u00f3dulos residenciales de 400 W, disminuyendo proporcionalmente la mano de obra de instalaci\u00f3n, los materiales de estanter\u00edas y las conexiones el\u00e9ctricas. Esto se traduce en un ahorro de $0,10-0,15\/W en el balance de costes del sistema para proyectos a gran escala. El formato m\u00e1s grande tambi\u00e9n mejora la eficiencia de utilizaci\u00f3n del terreno, reduciendo los costes de preparaci\u00f3n del emplazamiento y de obra civil por MW instalado. Sin embargo, los 38 kg de peso y las dimensiones de 2384\u00d71303 mm requieren un equipo de manipulaci\u00f3n especializado inadecuado para aplicaciones residenciales.<\/p><\/div>\n\t\t\t\t<\/div>\n\t\t\t\t\t\t\t\t<\/div>\n\t\t\t\t\t\t<\/div>\n\t\t\t\t<div class=\"elementor-element elementor-element-7974420c elementor-widget__width-inherit elementor-widget elementor-widget-toggle\" data-id=\"7974420c\" data-element_type=\"widget\" data-e-type=\"widget\" data-widget_type=\"toggle.default\">\n\t\t\t\t\t\t\t<div class=\"elementor-toggle\">\n\t\t\t\t\t\t\t<div class=\"elementor-toggle-item\">\n\t\t\t\t\t<h3 id=\"elementor-tab-title-2031\" class=\"elementor-tab-title\" data-tab=\"1\" role=\"button\" aria-controls=\"elementor-tab-content-2031\" aria-expanded=\"false\">\n\t\t\t\t\t\t\t\t\t\t\t\t<span class=\"elementor-toggle-icon elementor-toggle-icon-right\" aria-hidden=\"true\">\n\t\t\t\t\t\t\t\t\t\t\t\t\t\t\t<span class=\"elementor-toggle-icon-closed\"><svg class=\"e-font-icon-svg e-fas-plus\" viewbox=\"0 0 448 512\" xmlns=\"http:\/\/www.w3.org\/2000\/svg\"><path d=\"M416 208H272V64c0-17.67-14.33-32-32-32h-32c-17.67 0-32 14.33-32 32v144H32c-17.67 0-32 14.33-32 32v32c0 17.67 14.33 32 32 32h144v144c0 17.67 14.33 32 32 32h32c17.67 0 32-14.33 32-32V304h144c17.67 0 32-14.33 32-32v-32c0-17.67-14.33-32-32-32z\"><\/path><\/svg><\/span>\n\t\t\t\t\t\t\t\t<span class=\"elementor-toggle-icon-opened\"><svg class=\"elementor-toggle-icon-opened e-font-icon-svg e-fas-minus\" viewbox=\"0 0 448 512\" xmlns=\"http:\/\/www.w3.org\/2000\/svg\"><path d=\"M416 208H32c-17.67 0-32 14.33-32 32v32c0 17.67 14.33 32 32 32h384c17.67 0 32-14.33 32-32v-32c0-17.67-14.33-32-32-32z\"><\/path><\/svg><\/span>\n\t\t\t\t\t\t\t\t\t\t\t\t\t<\/span>\n\t\t\t\t\t\t\t\t\t\t\t\t<a class=\"elementor-toggle-title\" tabindex=\"0\">\u00bfCu\u00e1les son los requisitos espec\u00edficos de instalaci\u00f3n de la configuraci\u00f3n de 132 c\u00e9lulas?<\/a>\n\t\t\t\t\t<\/h3>\n\n\t\t\t\t\t<div id=\"elementor-tab-content-2031\" class=\"elementor-tab-content elementor-clearfix\" data-tab=\"1\" role=\"region\" aria-labelledby=\"elementor-tab-title-2031\"><p>La configuraci\u00f3n de 132 c\u00e9lulas (6\u00d722) requiere una cuidadosa consideraci\u00f3n del tama\u00f1o de la cadena y del dise\u00f1o el\u00e9ctrico. La longitud m\u00e1xima de la cadena depende de la tensi\u00f3n del sistema (1.000 V o 1.500 V) y de los coeficientes de temperatura, y suele permitir entre 18 y 28 m\u00f3dulos por cadena. El gran formato requiere equipos mec\u00e1nicos de elevaci\u00f3n para la instalaci\u00f3n y debe manipularse con cuidado para evitar el agrietamiento de las c\u00e9lulas. Los sistemas de estanter\u00edas deben adaptarse a la longitud de 2384 mm con puntos de apoyo estructurales adecuados. Las longitudes de cable de +350 mm\/-280 mm est\u00e1n optimizadas para la orientaci\u00f3n vertical de la instalaci\u00f3n, lo que reduce la necesidad de cables de extensi\u00f3n y minimiza las p\u00e9rdidas el\u00e9ctricas en las grandes cadenas.<\/p><\/div>\n\t\t\t\t<\/div>\n\t\t\t\t\t\t\t\t<\/div>\n\t\t\t\t\t\t<\/div>\n\t\t\t\t<div class=\"elementor-element elementor-element-5a4c944d elementor-widget__width-inherit elementor-widget elementor-widget-toggle\" data-id=\"5a4c944d\" data-element_type=\"widget\" data-e-type=\"widget\" data-widget_type=\"toggle.default\">\n\t\t\t\t\t\t\t<div class=\"elementor-toggle\">\n\t\t\t\t\t\t\t<div class=\"elementor-toggle-item\">\n\t\t\t\t\t<h3 id=\"elementor-tab-title-1511\" class=\"elementor-tab-title\" data-tab=\"1\" role=\"button\" aria-controls=\"elementor-tab-content-1511\" aria-expanded=\"false\">\n\t\t\t\t\t\t\t\t\t\t\t\t<span class=\"elementor-toggle-icon elementor-toggle-icon-right\" aria-hidden=\"true\">\n\t\t\t\t\t\t\t\t\t\t\t\t\t\t\t<span class=\"elementor-toggle-icon-closed\"><svg class=\"e-font-icon-svg e-fas-plus\" viewbox=\"0 0 448 512\" xmlns=\"http:\/\/www.w3.org\/2000\/svg\"><path d=\"M416 208H272V64c0-17.67-14.33-32-32-32h-32c-17.67 0-32 14.33-32 32v144H32c-17.67 0-32 14.33-32 32v32c0 17.67 14.33 32 32 32h144v144c0 17.67 14.33 32 32 32h32c17.67 0 32-14.33 32-32V304h144c17.67 0 32-14.33 32-32v-32c0-17.67-14.33-32-32-32z\"><\/path><\/svg><\/span>\n\t\t\t\t\t\t\t\t<span class=\"elementor-toggle-icon-opened\"><svg class=\"elementor-toggle-icon-opened e-font-icon-svg e-fas-minus\" viewbox=\"0 0 448 512\" xmlns=\"http:\/\/www.w3.org\/2000\/svg\"><path d=\"M416 208H32c-17.67 0-32 14.33-32 32v32c0 17.67 14.33 32 32 32h384c17.67 0 32-14.33 32-32v-32c0-17.67-14.33-32-32-32z\"><\/path><\/svg><\/span>\n\t\t\t\t\t\t\t\t\t\t\t\t\t<\/span>\n\t\t\t\t\t\t\t\t\t\t\t\t<a class=\"elementor-toggle-title\" tabindex=\"0\">\u00bfC\u00f3mo beneficia la construcci\u00f3n con doble vidrio (2,0 mm + 2,0 mm) a las instalaciones a gran escala?<\/a>\n\t\t\t\t\t<\/h3>\n\n\t\t\t\t\t<div id=\"elementor-tab-content-1511\" class=\"elementor-tab-content elementor-clearfix\" data-tab=\"1\" role=\"region\" aria-labelledby=\"elementor-tab-title-1511\"><p>La construcci\u00f3n de doble vidrio proporciona una durabilidad superior para instalaciones de 25-30 a\u00f1os en comparaci\u00f3n con las alternativas de vidrio en la parte posterior. La estructura sim\u00e9trica del vidrio elimina los desajustes de dilataci\u00f3n t\u00e9rmica que pueden causar delaminaci\u00f3n, al tiempo que proporciona una mayor protecci\u00f3n contra la entrada de humedad, la degradaci\u00f3n por rayos UV y los da\u00f1os mec\u00e1nicos. En entornos de servicios p\u00fablicos en los que puede haber granizo, escombros y condiciones meteorol\u00f3gicas adversas, la construcci\u00f3n de doble vidrio reduce el riesgo de rotura y mantiene la seguridad el\u00e9ctrica gracias a la conservaci\u00f3n de la integridad estructural. El dise\u00f1o tambi\u00e9n permite el funcionamiento bifacial, en el que la reflexi\u00f3n en el suelo puede aumentar el rendimiento energ\u00e9tico entre 5 y 15% en funci\u00f3n de las condiciones de instalaci\u00f3n.<\/p><\/div>\n\t\t\t\t<\/div>\n\t\t\t\t\t\t\t\t<\/div>\n\t\t\t\t\t\t<\/div>\n\t\t\t\t<div class=\"elementor-element elementor-element-53cc1f6f elementor-widget__width-inherit elementor-widget elementor-widget-toggle\" data-id=\"53cc1f6f\" data-element_type=\"widget\" data-e-type=\"widget\" data-widget_type=\"toggle.default\">\n\t\t\t\t\t\t\t<div class=\"elementor-toggle\">\n\t\t\t\t\t\t\t<div class=\"elementor-toggle-item\">\n\t\t\t\t\t<h3 id=\"elementor-tab-title-1401\" class=\"elementor-tab-title\" data-tab=\"1\" role=\"button\" aria-controls=\"elementor-tab-content-1401\" aria-expanded=\"false\">\n\t\t\t\t\t\t\t\t\t\t\t\t<span class=\"elementor-toggle-icon elementor-toggle-icon-right\" aria-hidden=\"true\">\n\t\t\t\t\t\t\t\t\t\t\t\t\t\t\t<span class=\"elementor-toggle-icon-closed\"><svg class=\"e-font-icon-svg e-fas-plus\" viewbox=\"0 0 448 512\" xmlns=\"http:\/\/www.w3.org\/2000\/svg\"><path d=\"M416 208H272V64c0-17.67-14.33-32-32-32h-32c-17.67 0-32 14.33-32 32v144H32c-17.67 0-32 14.33-32 32v32c0 17.67 14.33 32 32 32h144v144c0 17.67 14.33 32 32 32h32c17.67 0 32-14.33 32-32V304h144c17.67 0 32-14.33 32-32v-32c0-17.67-14.33-32-32-32z\"><\/path><\/svg><\/span>\n\t\t\t\t\t\t\t\t<span class=\"elementor-toggle-icon-opened\"><svg class=\"elementor-toggle-icon-opened e-font-icon-svg e-fas-minus\" viewbox=\"0 0 448 512\" xmlns=\"http:\/\/www.w3.org\/2000\/svg\"><path d=\"M416 208H32c-17.67 0-32 14.33-32 32v32c0 17.67 14.33 32 32 32h384c17.67 0 32-14.33 32-32v-32c0-17.67-14.33-32-32-32z\"><\/path><\/svg><\/span>\n\t\t\t\t\t\t\t\t\t\t\t\t\t<\/span>\n\t\t\t\t\t\t\t\t\t\t\t\t<a class=\"elementor-toggle-title\" tabindex=\"0\">\u00bfQu\u00e9 consideraciones de supervisi\u00f3n y mantenimiento son espec\u00edficas de estos m\u00f3dulos a gran escala? <\/a>\n\t\t\t\t\t<\/h3>\n\n\t\t\t\t\t<div id=\"elementor-tab-content-1401\" class=\"elementor-tab-content elementor-clearfix\" data-tab=\"1\" role=\"region\" aria-labelledby=\"elementor-tab-title-1401\"><p>Las instalaciones a gran escala requieren sofisticados sistemas de supervisi\u00f3n para controlar el rendimiento de miles de m\u00f3dulos. La monitorizaci\u00f3n a nivel de cadena suele ser suficiente para las aplicaciones de servicios p\u00fablicos, aunque la monitorizaci\u00f3n a nivel de m\u00f3dulo puede especificarse para instalaciones cr\u00edticas. Los protocolos de mantenimiento incluyen pruebas el\u00e9ctricas anuales, comprobaci\u00f3n del par de apriete de las conexiones a tierra e inspecciones visuales para detectar grietas o suciedad. El gran tama\u00f1o de los m\u00f3dulos requiere equipos de limpieza especializados para un rendimiento \u00f3ptimo, normalmente sistemas automatizados para instalaciones a escala comercial. Los procedimientos de sustituci\u00f3n deben tener en cuenta los 38 kg de peso y el equipo de elevaci\u00f3n especializado, siendo posible la sustituci\u00f3n a nivel de m\u00f3dulo sin apagar el sistema mediante procedimientos adecuados de aislamiento el\u00e9ctrico.<\/p><\/div>\n\t\t\t\t<\/div>\n\t\t\t\t\t\t\t\t<\/div>\n\t\t\t\t\t\t<\/div>\n\t\t\t\t<\/div>\n\t\t\t\t\t<\/div>\n\t\t\t\t<\/div>\n\t\t\t\t<\/div>","protected":false},"excerpt":{"rendered":"<p><strong>Soluci\u00f3n de almacenamiento de energ\u00eda solar comercial y residencial de 4 kW\/6 kW<\/strong><\/p>\n<p>Inversor h\u00edbrido trif\u00e1sico avanzado con compatibilidad ultraamplia con bater\u00edas (120-600 V) y controladores MPPT duales. Cuenta con topolog\u00eda sin transformador, capacidad de expansi\u00f3n en paralelo y gesti\u00f3n inteligente de la energ\u00eda para una independencia energ\u00e9tica \u00f3ptima.<\/p>\n<p><strong>Caracter\u00edsticas principales:<\/strong><\/p>\n<ul>\n<li>Potencia m\u00e1xima de salida de 4 kW\/6 kW, capacidad de carga de 9,2 kW<\/li>\n<li>Controladores MPPT duales (rango 80-520V)<\/li>\n<li>Rango de tensi\u00f3n de bater\u00eda ultraamplio (120-600 V)<\/li>\n<li>Funcionamiento en paralelo para ampliar el sistema<\/li>\n<li>Previsi\u00f3n inteligente de la carga y optimizaci\u00f3n de la energ\u00eda<\/li>\n<li>Dise\u00f1o sin ventilador con 25 a\u00f1os de fiabilidad<\/li>\n<\/ul>\n<p><strong>Aplicaciones:<\/strong>\u00a0Optimizaci\u00f3n del autoconsumo, reducci\u00f3n de picos, energ\u00eda de reserva, sistemas comerciales y residenciales de energ\u00eda solar m\u00e1s almacenamiento.<\/p>\n<p><strong>Especificaciones:<\/strong>\u00a0Protecci\u00f3n IP42 | 400 V trif\u00e1sica | Supervisi\u00f3n mediante aplicaci\u00f3n m\u00f3vil | Instalaci\u00f3n Plug and Play<\/p>","protected":false},"featured_media":2670,"template":"","meta":{"_seopress_robots_primary_cat":"none","_seopress_titles_title":"Three Phase High Voltage Hybrid Inverter | JMBiPV Tech","_seopress_titles_desc":"Upgrade to JMBiPV three phase high voltage hybrid inverter for solar energy storage. High efficiency, smart monitoring & seamless grid-tied performance.","_seopress_robots_index":""},"product_brand":[],"product_cat":[90],"product_tag":[],"class_list":{"0":"post-2665","1":"product","2":"type-product","3":"status-publish","4":"has-post-thumbnail","6":"product_cat-inverter","8":"first","9":"instock","10":"featured","11":"shipping-taxable","12":"product-type-simple"},"_links":{"self":[{"href":"https:\/\/jmbipvtech.com\/es\/wp-json\/wp\/v2\/product\/2665","targetHints":{"allow":["GET"]}}],"collection":[{"href":"https:\/\/jmbipvtech.com\/es\/wp-json\/wp\/v2\/product"}],"about":[{"href":"https:\/\/jmbipvtech.com\/es\/wp-json\/wp\/v2\/types\/product"}],"version-history":[{"count":0,"href":"https:\/\/jmbipvtech.com\/es\/wp-json\/wp\/v2\/product\/2665\/revisions"}],"wp:featuredmedia":[{"embeddable":true,"href":"https:\/\/jmbipvtech.com\/es\/wp-json\/wp\/v2\/media\/2670"}],"wp:attachment":[{"href":"https:\/\/jmbipvtech.com\/es\/wp-json\/wp\/v2\/media?parent=2665"}],"wp:term":[{"taxonomy":"product_brand","embeddable":true,"href":"https:\/\/jmbipvtech.com\/es\/wp-json\/wp\/v2\/product_brand?post=2665"},{"taxonomy":"product_cat","embeddable":true,"href":"https:\/\/jmbipvtech.com\/es\/wp-json\/wp\/v2\/product_cat?post=2665"},{"taxonomy":"product_tag","embeddable":true,"href":"https:\/\/jmbipvtech.com\/es\/wp-json\/wp\/v2\/product_tag?post=2665"}],"curies":[{"name":"wp","href":"https:\/\/api.w.org\/{rel}","templated":true}]}}